{"id":252,"date":"2023-02-04T16:23:55","date_gmt":"2023-02-04T15:23:55","guid":{"rendered":"http:\/\/www.ziplast.it\/?page_id=252"},"modified":"2023-08-17T12:50:02","modified_gmt":"2023-08-17T10:50:02","slug":"tessuto","status":"publish","type":"page","link":"https:\/\/www.ziplast.it\/waterbag\/?page_id=252","title":{"rendered":"Tessuto"},"content":{"rendered":"<p>La sacca idrica XXL-REFRESH utilizzata come prototipo nel 2015 \u00e8 stata\u00a0realizzata con un tessuto rinforzato rivestito in PVC, resistente ma flessibile,\u00a0con un lato interno approvato per il contatto con gli alimenti e un lato esterno con\u00a0un rivestimento specifico per migliorare la resistenza all\u2019esposizione all\u2019acqua di\u00a0mare e ai raggi solari.<\/p>\n<p>La scelta del rivestimento in PVC era essenzialmente dovuta al suo basso costo,\u00a0alle eccellenti propriet\u00e0 fisiche (buona flessibilit\u00e0, tenacit\u00e0, estensibilit\u00e0 ed elevato\u00a0rapporto resistenza\/peso), alle buone propriet\u00e0 chimiche e di resistenza agli\u00a0agenti atmosferici.<\/p>\n<p>Il nuovo modello di tessitura del progetto Super Bowl prevede di utilizzare un\u00a0<strong>filato<\/strong> sul quale <strong>applicare direttamente l\u2019estrusione<\/strong> che viene quindi saldata al\u00a0supporto, passando il tessuto cos\u00ec ottenuto attraverso una calandra in alta\u00a0temperatura.<\/p>\n\n\n<figure class=\"wp-block-gallery has-nested-images columns-default is-cropped wp-block-gallery-1 is-layout-flex wp-block-gallery-is-layout-flex\">\n<figure class=\"wp-block-image size-large\"><a href=\"http:\/\/www.ziplast.it\/waterbag\/wp-content\/uploads\/2023\/02\/rotoli-2.jpg\"><img loading=\"lazy\" decoding=\"async\" width=\"1024\" height=\"576\" data-id=\"319\" src=\"http:\/\/www.ziplast.it\/waterbag\/wp-content\/uploads\/2023\/02\/rotoli-2-1024x576.jpg\" alt=\"\" class=\"wp-image-319\" srcset=\"https:\/\/www.ziplast.it\/waterbag\/wp-content\/uploads\/2023\/02\/rotoli-2-1024x576.jpg 1024w, https:\/\/www.ziplast.it\/waterbag\/wp-content\/uploads\/2023\/02\/rotoli-2-300x169.jpg 300w, https:\/\/www.ziplast.it\/waterbag\/wp-content\/uploads\/2023\/02\/rotoli-2-768x432.jpg 768w, https:\/\/www.ziplast.it\/waterbag\/wp-content\/uploads\/2023\/02\/rotoli-2-1536x864.jpg 1536w, https:\/\/www.ziplast.it\/waterbag\/wp-content\/uploads\/2023\/02\/rotoli-2-700x394.jpg 700w, https:\/\/www.ziplast.it\/waterbag\/wp-content\/uploads\/2023\/02\/rotoli-2-520x293.jpg 520w, https:\/\/www.ziplast.it\/waterbag\/wp-content\/uploads\/2023\/02\/rotoli-2-360x203.jpg 360w, https:\/\/www.ziplast.it\/waterbag\/wp-content\/uploads\/2023\/02\/rotoli-2-250x141.jpg 250w, https:\/\/www.ziplast.it\/waterbag\/wp-content\/uploads\/2023\/02\/rotoli-2-100x56.jpg 100w, https:\/\/www.ziplast.it\/waterbag\/wp-content\/uploads\/2023\/02\/rotoli-2.jpg 1920w\" sizes=\"auto, (max-width: 1024px) 100vw, 1024px\" \/><\/a><\/figure>\n\n\n\n<figure class=\"wp-block-image size-large\"><a href=\"http:\/\/www.ziplast.it\/waterbag\/wp-content\/uploads\/2023\/02\/rotoli-1.jpg\"><img loading=\"lazy\" decoding=\"async\" width=\"1024\" height=\"576\" data-id=\"318\" src=\"http:\/\/www.ziplast.it\/waterbag\/wp-content\/uploads\/2023\/02\/rotoli-1-1024x576.jpg\" alt=\"\" class=\"wp-image-318\" srcset=\"https:\/\/www.ziplast.it\/waterbag\/wp-content\/uploads\/2023\/02\/rotoli-1-1024x576.jpg 1024w, https:\/\/www.ziplast.it\/waterbag\/wp-content\/uploads\/2023\/02\/rotoli-1-300x169.jpg 300w, https:\/\/www.ziplast.it\/waterbag\/wp-content\/uploads\/2023\/02\/rotoli-1-768x432.jpg 768w, https:\/\/www.ziplast.it\/waterbag\/wp-content\/uploads\/2023\/02\/rotoli-1-1536x864.jpg 1536w, https:\/\/www.ziplast.it\/waterbag\/wp-content\/uploads\/2023\/02\/rotoli-1-700x394.jpg 700w, https:\/\/www.ziplast.it\/waterbag\/wp-content\/uploads\/2023\/02\/rotoli-1-520x293.jpg 520w, https:\/\/www.ziplast.it\/waterbag\/wp-content\/uploads\/2023\/02\/rotoli-1-360x203.jpg 360w, https:\/\/www.ziplast.it\/waterbag\/wp-content\/uploads\/2023\/02\/rotoli-1-250x141.jpg 250w, https:\/\/www.ziplast.it\/waterbag\/wp-content\/uploads\/2023\/02\/rotoli-1-100x56.jpg 100w, https:\/\/www.ziplast.it\/waterbag\/wp-content\/uploads\/2023\/02\/rotoli-1.jpg 1920w\" sizes=\"auto, (max-width: 1024px) 100vw, 1024px\" \/><\/a><\/figure>\n\n\n\n<figure class=\"wp-block-image size-large\"><a href=\"http:\/\/www.ziplast.it\/waterbag\/wp-content\/uploads\/2023\/01\/LOcate-TRiulzi-e1674059535458.jpg\"><img loading=\"lazy\" decoding=\"async\" width=\"500\" height=\"272\" data-id=\"111\" src=\"http:\/\/www.ziplast.it\/waterbag\/wp-content\/uploads\/2023\/01\/LOcate-TRiulzi-e1674059535458.jpg\" alt=\"TEST\" class=\"wp-image-111\" srcset=\"https:\/\/www.ziplast.it\/waterbag\/wp-content\/uploads\/2023\/01\/LOcate-TRiulzi-e1674059535458.jpg 500w, https:\/\/www.ziplast.it\/waterbag\/wp-content\/uploads\/2023\/01\/LOcate-TRiulzi-e1674059535458-300x163.jpg 300w, https:\/\/www.ziplast.it\/waterbag\/wp-content\/uploads\/2023\/01\/LOcate-TRiulzi-e1674059535458-360x196.jpg 360w, https:\/\/www.ziplast.it\/waterbag\/wp-content\/uploads\/2023\/01\/LOcate-TRiulzi-e1674059535458-250x136.jpg 250w, https:\/\/www.ziplast.it\/waterbag\/wp-content\/uploads\/2023\/01\/LOcate-TRiulzi-e1674059535458-100x54.jpg 100w\" sizes=\"auto, (max-width: 500px) 100vw, 500px\" \/><\/a><\/figure>\n<\/figure>\n","protected":false},"excerpt":{"rendered":"<p>La sacca idrica XXL-REFRESH utilizzata come prototipo nel 2015 \u00e8 stata\u00a0realizzata con un tessuto rinforzato rivestito in PVC, resistente ma flessibile,\u00a0con un lato interno approvato per il contatto con gli alimenti e un lato esterno con\u00a0un rivestimento specifico per migliorare [&hellip;]<\/p>\n","protected":false},"author":1,"featured_media":253,"parent":0,"menu_order":0,"comment_status":"closed","ping_status":"closed","template":"page-templates\/single-project.php","meta":{"footnotes":""},"class_list":["post-252","page","type-page","status-publish","has-post-thumbnail","hentry","clearfix"],"yoast_head":"<!-- This site is optimized with the Yoast SEO plugin v19.14 - https:\/\/yoast.com\/wordpress\/plugins\/seo\/ -->\r\n<title>Tessuto - Ziplast SRL<\/title>\r\n<meta name=\"robots\" content=\"index, follow, max-snippet:-1, max-image-preview:large, max-video-preview:-1\" \/>\r\n<link rel=\"canonical\" href=\"https:\/\/www.ziplast.it\/waterbag\/?page_id=252\" \/>\r\n<meta property=\"og:locale\" content=\"it_IT\" \/>\r\n<meta property=\"og:type\" content=\"article\" \/>\r\n<meta property=\"og:title\" content=\"Tessuto - Ziplast SRL\" \/>\r\n<meta property=\"og:description\" content=\"La sacca idrica XXL-REFRESH utilizzata come prototipo nel 2015 \u00e8 stata\u00a0realizzata con un tessuto rinforzato rivestito in PVC, resistente ma flessibile,\u00a0con un lato interno approvato per il contatto con gli alimenti e un lato esterno con\u00a0un rivestimento specifico per migliorare [&hellip;]\" \/>\r\n<meta property=\"og:url\" content=\"https:\/\/www.ziplast.it\/waterbag\/?page_id=252\" \/>\r\n<meta property=\"og:site_name\" content=\"Ziplast SRL\" \/>\r\n<meta property=\"article:modified_time\" content=\"2023-08-17T10:50:02+00:00\" \/>\r\n<meta property=\"og:image\" content=\"https:\/\/www.ziplast.it\/waterbag\/wp-content\/uploads\/2023\/02\/7-tessutoOK.png\" \/>\r\n\t<meta property=\"og:image:width\" content=\"355\" \/>\r\n\t<meta property=\"og:image:height\" content=\"200\" \/>\r\n\t<meta property=\"og:image:type\" content=\"image\/png\" \/>\r\n<meta name=\"twitter:card\" content=\"summary_large_image\" \/>\r\n<meta name=\"twitter:label1\" content=\"Tempo di lettura stimato\" \/>\n\t<meta name=\"twitter:data1\" content=\"2 minuti\" \/>\r\n<script type=\"application\/ld+json\" class=\"yoast-schema-graph\">{\"@context\":\"https:\/\/schema.org\",\"@graph\":[{\"@type\":\"WebPage\",\"@id\":\"https:\/\/www.ziplast.it\/waterbag\/?page_id=252\",\"url\":\"https:\/\/www.ziplast.it\/waterbag\/?page_id=252\",\"name\":\"Tessuto - Ziplast SRL\",\"isPartOf\":{\"@id\":\"https:\/\/www.ziplast.it\/waterbag\/#website\"},\"datePublished\":\"2023-02-04T15:23:55+00:00\",\"dateModified\":\"2023-08-17T10:50:02+00:00\",\"breadcrumb\":{\"@id\":\"https:\/\/www.ziplast.it\/waterbag\/?page_id=252#breadcrumb\"},\"inLanguage\":\"it-IT\",\"potentialAction\":[{\"@type\":\"ReadAction\",\"target\":[\"https:\/\/www.ziplast.it\/waterbag\/?page_id=252\"]}]},{\"@type\":\"BreadcrumbList\",\"@id\":\"https:\/\/www.ziplast.it\/waterbag\/?page_id=252#breadcrumb\",\"itemListElement\":[{\"@type\":\"ListItem\",\"position\":1,\"name\":\"Home\",\"item\":\"https:\/\/www.ziplast.it\/waterbag\/\"},{\"@type\":\"ListItem\",\"position\":2,\"name\":\"Tessuto\"}]},{\"@type\":\"WebSite\",\"@id\":\"https:\/\/www.ziplast.it\/waterbag\/#website\",\"url\":\"https:\/\/www.ziplast.it\/waterbag\/\",\"name\":\"Ziplast SRL\",\"description\":\"THE speedy massive freshwater delivery system\",\"potentialAction\":[{\"@type\":\"SearchAction\",\"target\":{\"@type\":\"EntryPoint\",\"urlTemplate\":\"https:\/\/www.ziplast.it\/waterbag\/?s={search_term_string}\"},\"query-input\":\"required name=search_term_string\"}],\"inLanguage\":\"it-IT\"}]}<\/script>\r\n<!-- \/ Yoast SEO plugin. -->","yoast_head_json":{"title":"Tessuto - Ziplast SRL","robots":{"index":"index","follow":"follow","max-snippet":"max-snippet:-1","max-image-preview":"max-image-preview:large","max-video-preview":"max-video-preview:-1"},"canonical":"https:\/\/www.ziplast.it\/waterbag\/?page_id=252","og_locale":"it_IT","og_type":"article","og_title":"Tessuto - Ziplast SRL","og_description":"La sacca idrica XXL-REFRESH utilizzata come prototipo nel 2015 \u00e8 stata\u00a0realizzata con un tessuto rinforzato rivestito in PVC, resistente ma flessibile,\u00a0con un lato interno approvato per il contatto con gli alimenti e un lato esterno con\u00a0un rivestimento specifico per migliorare [&hellip;]","og_url":"https:\/\/www.ziplast.it\/waterbag\/?page_id=252","og_site_name":"Ziplast SRL","article_modified_time":"2023-08-17T10:50:02+00:00","og_image":[{"width":355,"height":200,"url":"https:\/\/www.ziplast.it\/waterbag\/wp-content\/uploads\/2023\/02\/7-tessutoOK.png","type":"image\/png"}],"twitter_card":"summary_large_image","twitter_misc":{"Tempo di lettura stimato":"2 minuti"},"schema":{"@context":"https:\/\/schema.org","@graph":[{"@type":"WebPage","@id":"https:\/\/www.ziplast.it\/waterbag\/?page_id=252","url":"https:\/\/www.ziplast.it\/waterbag\/?page_id=252","name":"Tessuto - Ziplast SRL","isPartOf":{"@id":"https:\/\/www.ziplast.it\/waterbag\/#website"},"datePublished":"2023-02-04T15:23:55+00:00","dateModified":"2023-08-17T10:50:02+00:00","breadcrumb":{"@id":"https:\/\/www.ziplast.it\/waterbag\/?page_id=252#breadcrumb"},"inLanguage":"it-IT","potentialAction":[{"@type":"ReadAction","target":["https:\/\/www.ziplast.it\/waterbag\/?page_id=252"]}]},{"@type":"BreadcrumbList","@id":"https:\/\/www.ziplast.it\/waterbag\/?page_id=252#breadcrumb","itemListElement":[{"@type":"ListItem","position":1,"name":"Home","item":"https:\/\/www.ziplast.it\/waterbag\/"},{"@type":"ListItem","position":2,"name":"Tessuto"}]},{"@type":"WebSite","@id":"https:\/\/www.ziplast.it\/waterbag\/#website","url":"https:\/\/www.ziplast.it\/waterbag\/","name":"Ziplast SRL","description":"THE speedy massive freshwater delivery system","potentialAction":[{"@type":"SearchAction","target":{"@type":"EntryPoint","urlTemplate":"https:\/\/www.ziplast.it\/waterbag\/?s={search_term_string}"},"query-input":"required name=search_term_string"}],"inLanguage":"it-IT"}]}},"_links":{"self":[{"href":"https:\/\/www.ziplast.it\/waterbag\/index.php?rest_route=\/wp\/v2\/pages\/252","targetHints":{"allow":["GET"]}}],"collection":[{"href":"https:\/\/www.ziplast.it\/waterbag\/index.php?rest_route=\/wp\/v2\/pages"}],"about":[{"href":"https:\/\/www.ziplast.it\/waterbag\/index.php?rest_route=\/wp\/v2\/types\/page"}],"author":[{"embeddable":true,"href":"https:\/\/www.ziplast.it\/waterbag\/index.php?rest_route=\/wp\/v2\/users\/1"}],"replies":[{"embeddable":true,"href":"https:\/\/www.ziplast.it\/waterbag\/index.php?rest_route=%2Fwp%2Fv2%2Fcomments&post=252"}],"version-history":[{"count":8,"href":"https:\/\/www.ziplast.it\/waterbag\/index.php?rest_route=\/wp\/v2\/pages\/252\/revisions"}],"predecessor-version":[{"id":571,"href":"https:\/\/www.ziplast.it\/waterbag\/index.php?rest_route=\/wp\/v2\/pages\/252\/revisions\/571"}],"wp:featuredmedia":[{"embeddable":true,"href":"https:\/\/www.ziplast.it\/waterbag\/index.php?rest_route=\/wp\/v2\/media\/253"}],"wp:attachment":[{"href":"https:\/\/www.ziplast.it\/waterbag\/index.php?rest_route=%2Fwp%2Fv2%2Fmedia&parent=252"}],"curies":[{"name":"wp","href":"https:\/\/api.w.org\/{rel}","templated":true}]}}