{"id":43,"date":"2023-01-15T13:06:08","date_gmt":"2023-01-15T12:06:08","guid":{"rendered":"http:\/\/www.ziplast.it\/?page_id=43"},"modified":"2023-08-17T12:46:17","modified_gmt":"2023-08-17T10:46:17","slug":"non-necessita-di-infrastrutture","status":"publish","type":"page","link":"https:\/\/www.ziplast.it\/waterbag\/?page_id=43","title":{"rendered":"NON NECESSITA DI INFRASTRUTTURE"},"content":{"rendered":"<p>La Waterbag \u00e8 migliaia di volte pi\u00f9 economica di un acquedotto ed infinitamente pi\u00f9 ecologica di un dissalatore. Si monta in poche ore e si carica di acqua alla foce di un fiume. Una volta arrivata a destinazione si pu\u00f2 collegare direttamente all\u2019acquedotto.<\/p>\n\n\n<figure class=\"wp-block-gallery has-nested-images columns-default is-cropped wp-block-gallery-1 is-layout-flex wp-block-gallery-is-layout-flex\">\n<figure class=\"wp-block-image size-medium\"><a href=\"http:\/\/www.ziplast.it\/waterbag\/wp-content\/uploads\/2023\/01\/infrastrutture-1.jpg\"><img loading=\"lazy\" decoding=\"async\" width=\"300\" height=\"169\" data-id=\"203\" src=\"http:\/\/www.ziplast.it\/wp-content\/uploads\/2023\/01\/infrastrutture-1-300x169.jpg\" alt=\"\" class=\"wp-image-203\" srcset=\"https:\/\/www.ziplast.it\/waterbag\/wp-content\/uploads\/2023\/01\/infrastrutture-1-300x169.jpg 300w, https:\/\/www.ziplast.it\/waterbag\/wp-content\/uploads\/2023\/01\/infrastrutture-1-768x432.jpg 768w, https:\/\/www.ziplast.it\/waterbag\/wp-content\/uploads\/2023\/01\/infrastrutture-1-700x393.jpg 700w, https:\/\/www.ziplast.it\/waterbag\/wp-content\/uploads\/2023\/01\/infrastrutture-1-520x292.jpg 520w, https:\/\/www.ziplast.it\/waterbag\/wp-content\/uploads\/2023\/01\/infrastrutture-1-360x202.jpg 360w, https:\/\/www.ziplast.it\/waterbag\/wp-content\/uploads\/2023\/01\/infrastrutture-1-250x141.jpg 250w, https:\/\/www.ziplast.it\/waterbag\/wp-content\/uploads\/2023\/01\/infrastrutture-1-100x56.jpg 100w, https:\/\/www.ziplast.it\/waterbag\/wp-content\/uploads\/2023\/01\/infrastrutture-1.jpg 1000w\" sizes=\"auto, (max-width: 300px) 100vw, 300px\" \/><\/a><\/figure>\n\n\n\n<figure class=\"wp-block-image size-medium\"><a href=\"http:\/\/www.ziplast.it\/waterbag\/wp-content\/uploads\/2023\/01\/infrastrutture-2.jpg\"><img loading=\"lazy\" decoding=\"async\" width=\"300\" height=\"169\" data-id=\"204\" src=\"http:\/\/www.ziplast.it\/wp-content\/uploads\/2023\/01\/infrastrutture-2-300x169.jpg\" alt=\"\" class=\"wp-image-204\" srcset=\"https:\/\/www.ziplast.it\/waterbag\/wp-content\/uploads\/2023\/01\/infrastrutture-2-300x169.jpg 300w, https:\/\/www.ziplast.it\/waterbag\/wp-content\/uploads\/2023\/01\/infrastrutture-2-768x432.jpg 768w, https:\/\/www.ziplast.it\/waterbag\/wp-content\/uploads\/2023\/01\/infrastrutture-2-700x393.jpg 700w, https:\/\/www.ziplast.it\/waterbag\/wp-content\/uploads\/2023\/01\/infrastrutture-2-520x292.jpg 520w, https:\/\/www.ziplast.it\/waterbag\/wp-content\/uploads\/2023\/01\/infrastrutture-2-360x202.jpg 360w, https:\/\/www.ziplast.it\/waterbag\/wp-content\/uploads\/2023\/01\/infrastrutture-2-250x141.jpg 250w, https:\/\/www.ziplast.it\/waterbag\/wp-content\/uploads\/2023\/01\/infrastrutture-2-100x56.jpg 100w, https:\/\/www.ziplast.it\/waterbag\/wp-content\/uploads\/2023\/01\/infrastrutture-2.jpg 1000w\" sizes=\"auto, (max-width: 300px) 100vw, 300px\" \/><\/a><\/figure>\n\n\n\n<figure class=\"wp-block-image size-medium\"><a href=\"http:\/\/www.ziplast.it\/waterbag\/wp-content\/uploads\/2023\/01\/infrastrutture-3.jpg\"><img loading=\"lazy\" decoding=\"async\" width=\"300\" height=\"169\" data-id=\"205\" src=\"http:\/\/www.ziplast.it\/wp-content\/uploads\/2023\/01\/infrastrutture-3-300x169.jpg\" alt=\"\" class=\"wp-image-205\" srcset=\"https:\/\/www.ziplast.it\/waterbag\/wp-content\/uploads\/2023\/01\/infrastrutture-3-300x169.jpg 300w, https:\/\/www.ziplast.it\/waterbag\/wp-content\/uploads\/2023\/01\/infrastrutture-3-768x432.jpg 768w, https:\/\/www.ziplast.it\/waterbag\/wp-content\/uploads\/2023\/01\/infrastrutture-3-700x393.jpg 700w, https:\/\/www.ziplast.it\/waterbag\/wp-content\/uploads\/2023\/01\/infrastrutture-3-520x292.jpg 520w, https:\/\/www.ziplast.it\/waterbag\/wp-content\/uploads\/2023\/01\/infrastrutture-3-360x202.jpg 360w, https:\/\/www.ziplast.it\/waterbag\/wp-content\/uploads\/2023\/01\/infrastrutture-3-250x141.jpg 250w, https:\/\/www.ziplast.it\/waterbag\/wp-content\/uploads\/2023\/01\/infrastrutture-3-100x56.jpg 100w, https:\/\/www.ziplast.it\/waterbag\/wp-content\/uploads\/2023\/01\/infrastrutture-3.jpg 1000w\" sizes=\"auto, (max-width: 300px) 100vw, 300px\" \/><\/a><\/figure>\n<\/figure>\n","protected":false},"excerpt":{"rendered":"<p>La Waterbag \u00e8 migliaia di volte pi\u00f9 economica di un acquedotto ed infinitamente pi\u00f9 ecologica di un dissalatore. Si monta in poche ore e si carica di acqua alla foce di un fiume. Una volta arrivata a destinazione si pu\u00f2 [&hellip;]<\/p>\n","protected":false},"author":1,"featured_media":359,"parent":0,"menu_order":0,"comment_status":"closed","ping_status":"closed","template":"page-templates\/single-service.php","meta":{"footnotes":""},"class_list":["post-43","page","type-page","status-publish","has-post-thumbnail","hentry","clearfix"],"yoast_head":"<!-- This site is optimized with the Yoast SEO plugin v19.14 - https:\/\/yoast.com\/wordpress\/plugins\/seo\/ -->\r\n<title>NON NECESSITA DI INFRASTRUTTURE - Ziplast SRL<\/title>\r\n<meta name=\"robots\" content=\"index, follow, max-snippet:-1, max-image-preview:large, max-video-preview:-1\" \/>\r\n<link rel=\"canonical\" href=\"https:\/\/www.ziplast.it\/waterbag\/?page_id=43\" \/>\r\n<meta property=\"og:locale\" content=\"it_IT\" \/>\r\n<meta property=\"og:type\" content=\"article\" \/>\r\n<meta property=\"og:title\" content=\"NON NECESSITA DI INFRASTRUTTURE - Ziplast SRL\" \/>\r\n<meta property=\"og:description\" content=\"La Waterbag \u00e8 migliaia di volte pi\u00f9 economica di un acquedotto ed infinitamente pi\u00f9 ecologica di un dissalatore. Si monta in poche ore e si carica di acqua alla foce di un fiume. Una volta arrivata a destinazione si pu\u00f2 [&hellip;]\" \/>\r\n<meta property=\"og:url\" content=\"https:\/\/www.ziplast.it\/waterbag\/?page_id=43\" \/>\r\n<meta property=\"og:site_name\" content=\"Ziplast SRL\" \/>\r\n<meta property=\"article:modified_time\" content=\"2023-08-17T10:46:17+00:00\" \/>\r\n<meta property=\"og:image\" content=\"https:\/\/www.ziplast.it\/waterbag\/wp-content\/uploads\/2023\/02\/4.png\" \/>\r\n\t<meta property=\"og:image:width\" content=\"60\" \/>\r\n\t<meta property=\"og:image:height\" content=\"60\" \/>\r\n\t<meta property=\"og:image:type\" content=\"image\/png\" \/>\r\n<meta name=\"twitter:card\" content=\"summary_large_image\" \/>\r\n<meta name=\"twitter:label1\" content=\"Tempo di lettura stimato\" \/>\n\t<meta name=\"twitter:data1\" content=\"1 minuto\" \/>\r\n<script type=\"application\/ld+json\" class=\"yoast-schema-graph\">{\"@context\":\"https:\/\/schema.org\",\"@graph\":[{\"@type\":\"WebPage\",\"@id\":\"https:\/\/www.ziplast.it\/waterbag\/?page_id=43\",\"url\":\"https:\/\/www.ziplast.it\/waterbag\/?page_id=43\",\"name\":\"NON NECESSITA DI INFRASTRUTTURE - Ziplast SRL\",\"isPartOf\":{\"@id\":\"https:\/\/www.ziplast.it\/waterbag\/#website\"},\"datePublished\":\"2023-01-15T12:06:08+00:00\",\"dateModified\":\"2023-08-17T10:46:17+00:00\",\"breadcrumb\":{\"@id\":\"https:\/\/www.ziplast.it\/waterbag\/?page_id=43#breadcrumb\"},\"inLanguage\":\"it-IT\",\"potentialAction\":[{\"@type\":\"ReadAction\",\"target\":[\"https:\/\/www.ziplast.it\/waterbag\/?page_id=43\"]}]},{\"@type\":\"BreadcrumbList\",\"@id\":\"https:\/\/www.ziplast.it\/waterbag\/?page_id=43#breadcrumb\",\"itemListElement\":[{\"@type\":\"ListItem\",\"position\":1,\"name\":\"Home\",\"item\":\"https:\/\/www.ziplast.it\/waterbag\/\"},{\"@type\":\"ListItem\",\"position\":2,\"name\":\"NON NECESSITA DI INFRASTRUTTURE\"}]},{\"@type\":\"WebSite\",\"@id\":\"https:\/\/www.ziplast.it\/waterbag\/#website\",\"url\":\"https:\/\/www.ziplast.it\/waterbag\/\",\"name\":\"Ziplast SRL\",\"description\":\"THE speedy massive freshwater delivery system\",\"potentialAction\":[{\"@type\":\"SearchAction\",\"target\":{\"@type\":\"EntryPoint\",\"urlTemplate\":\"https:\/\/www.ziplast.it\/waterbag\/?s={search_term_string}\"},\"query-input\":\"required name=search_term_string\"}],\"inLanguage\":\"it-IT\"}]}<\/script>\r\n<!-- \/ Yoast SEO plugin. -->","yoast_head_json":{"title":"NON NECESSITA DI INFRASTRUTTURE - Ziplast SRL","robots":{"index":"index","follow":"follow","max-snippet":"max-snippet:-1","max-image-preview":"max-image-preview:large","max-video-preview":"max-video-preview:-1"},"canonical":"https:\/\/www.ziplast.it\/waterbag\/?page_id=43","og_locale":"it_IT","og_type":"article","og_title":"NON NECESSITA DI INFRASTRUTTURE - Ziplast SRL","og_description":"La Waterbag \u00e8 migliaia di volte pi\u00f9 economica di un acquedotto ed infinitamente pi\u00f9 ecologica di un dissalatore. Si monta in poche ore e si carica di acqua alla foce di un fiume. Una volta arrivata a destinazione si pu\u00f2 [&hellip;]","og_url":"https:\/\/www.ziplast.it\/waterbag\/?page_id=43","og_site_name":"Ziplast SRL","article_modified_time":"2023-08-17T10:46:17+00:00","og_image":[{"width":60,"height":60,"url":"https:\/\/www.ziplast.it\/waterbag\/wp-content\/uploads\/2023\/02\/4.png","type":"image\/png"}],"twitter_card":"summary_large_image","twitter_misc":{"Tempo di lettura stimato":"1 minuto"},"schema":{"@context":"https:\/\/schema.org","@graph":[{"@type":"WebPage","@id":"https:\/\/www.ziplast.it\/waterbag\/?page_id=43","url":"https:\/\/www.ziplast.it\/waterbag\/?page_id=43","name":"NON NECESSITA DI INFRASTRUTTURE - Ziplast SRL","isPartOf":{"@id":"https:\/\/www.ziplast.it\/waterbag\/#website"},"datePublished":"2023-01-15T12:06:08+00:00","dateModified":"2023-08-17T10:46:17+00:00","breadcrumb":{"@id":"https:\/\/www.ziplast.it\/waterbag\/?page_id=43#breadcrumb"},"inLanguage":"it-IT","potentialAction":[{"@type":"ReadAction","target":["https:\/\/www.ziplast.it\/waterbag\/?page_id=43"]}]},{"@type":"BreadcrumbList","@id":"https:\/\/www.ziplast.it\/waterbag\/?page_id=43#breadcrumb","itemListElement":[{"@type":"ListItem","position":1,"name":"Home","item":"https:\/\/www.ziplast.it\/waterbag\/"},{"@type":"ListItem","position":2,"name":"NON NECESSITA DI INFRASTRUTTURE"}]},{"@type":"WebSite","@id":"https:\/\/www.ziplast.it\/waterbag\/#website","url":"https:\/\/www.ziplast.it\/waterbag\/","name":"Ziplast SRL","description":"THE speedy massive freshwater delivery system","potentialAction":[{"@type":"SearchAction","target":{"@type":"EntryPoint","urlTemplate":"https:\/\/www.ziplast.it\/waterbag\/?s={search_term_string}"},"query-input":"required name=search_term_string"}],"inLanguage":"it-IT"}]}},"_links":{"self":[{"href":"https:\/\/www.ziplast.it\/waterbag\/index.php?rest_route=\/wp\/v2\/pages\/43","targetHints":{"allow":["GET"]}}],"collection":[{"href":"https:\/\/www.ziplast.it\/waterbag\/index.php?rest_route=\/wp\/v2\/pages"}],"about":[{"href":"https:\/\/www.ziplast.it\/waterbag\/index.php?rest_route=\/wp\/v2\/types\/page"}],"author":[{"embeddable":true,"href":"https:\/\/www.ziplast.it\/waterbag\/index.php?rest_route=\/wp\/v2\/users\/1"}],"replies":[{"embeddable":true,"href":"https:\/\/www.ziplast.it\/waterbag\/index.php?rest_route=%2Fwp%2Fv2%2Fcomments&post=43"}],"version-history":[{"count":4,"href":"https:\/\/www.ziplast.it\/waterbag\/index.php?rest_route=\/wp\/v2\/pages\/43\/revisions"}],"predecessor-version":[{"id":567,"href":"https:\/\/www.ziplast.it\/waterbag\/index.php?rest_route=\/wp\/v2\/pages\/43\/revisions\/567"}],"wp:featuredmedia":[{"embeddable":true,"href":"https:\/\/www.ziplast.it\/waterbag\/index.php?rest_route=\/wp\/v2\/media\/359"}],"wp:attachment":[{"href":"https:\/\/www.ziplast.it\/waterbag\/index.php?rest_route=%2Fwp%2Fv2%2Fmedia&parent=43"}],"curies":[{"name":"wp","href":"https:\/\/api.w.org\/{rel}","templated":true}]}}