{"id":522,"date":"2023-02-23T15:29:40","date_gmt":"2023-02-23T14:29:40","guid":{"rendered":"http:\/\/www.ziplast.it\/?page_id=522"},"modified":"2023-02-23T15:43:53","modified_gmt":"2023-02-23T14:43:53","slug":"privacy-policy-cookie","status":"publish","type":"page","link":"https:\/\/www.ziplast.it\/waterbag\/?page_id=522","title":{"rendered":"Privacy-Policy e Cookie-Policy"},"content":{"rendered":"\n<h3 class=\"wp-block-heading\"><strong>Cookie Tecnici<\/strong><\/h3>\n\n\n\n<p>Questo sito utilizza solo cookie tecnici, rispetto ai quali, ai sensi dell&#8217;art. 122 del codice privacy e del Provvedimento del Garante dell\u20198 maggio 2014, non \u00e8 richiesto alcun consenso da parte dell&#8217;interessato.<br><br><strong>Nessun dato personale degli utenti viene in proposito acquisito dal sito.<br><\/strong><br>Non viene fatto uso di cookies per la trasmissione di informazioni di carattere personale, n\u00e9 vengono utilizzati c.d. cookies persistenti di alcun tipo, ovvero sistemi per il tracciamento degli utenti.<br><br>L&#8217;uso di c.d. cookies di sessione (che non vengono memorizzati in modo persistente sul computer dell&#8217;utente e svaniscono con la chiusura del browser) \u00e8 strettamente limitato alla trasmissione di identificativi di sessione (costituiti da numeri casuali generati dal server) necessari per consentire l&#8217;esplorazione sicura ed efficiente del sito.<br><br>I c.d. cookies di sessione utilizzati in questo sito evitano il ricorso ad altre tecniche informatiche potenzialmente pregiudizievoli per la riservatezza della navigazione degli utenti e non consentono l&#8217;acquisizione di dati personali identificativi dell&#8217;utente.<br>&nbsp;<\/p>\n\n\n\n<h3 class=\"wp-block-heading\"><strong>Cookie di terze parti<\/strong><\/h3>\n\n\n\n<p><br>La validit\u00e0 dell\u2019informativa contenuta nella presente pagina \u00e8 limitata al solo sito e non si estende ad altri siti web eventualmente consultabili mediante collegamento ipertestuale.<br><br>Si riportano nel dettaglio i cookie di terze parti che potrebbero essere utilizzati dal sito, nonch\u00e9 i link attraverso i quali l\u2019utente pu\u00f2 ricevere maggiori informazioni e richiedere la disattivazione dei cookie.<br><br><strong>Youtube<\/strong><br>Si tratta di un servizio di un servizio di visualizzazione di contenuti video gestito da Google Inc. che permette a questa Applicazione di integrare tali contenuti all&#8217;interno delle proprie pagine. L&#8217;informativa e i termini di servizio sono reperibili al seguente link:\u00a0<a href=\"https:\/\/developers.google.com\/youtube\/terms\">https:\/\/developers.google.com\/youtube\/terms<\/a>\u00a0Per consultare l\u2019informativa privacy della societ\u00e0 Google Inc., titolare autonomo del trattamento dei dati relativi al servizio Google Maps, si rinvia al sito Internet\u00a0<a href=\"http:\/\/www.google.com\/policies\/privacy\/\">http:\/\/www.google.com\/policies\/privacy\/<\/a>\u00a0Per la disattivazione\/cancellazione\/gestione, fare riferimento al successivo paragrafo &#8220;Disabilitazione dei cookie&#8221;<br><br><br><strong>Disabilitazione dei cookie<\/strong><br>Fermo restando quanto sopra indicato in ordine ai cookie strettamente necessari alla navigazione, l\u2019utente pu\u00f2 eliminare gli altri cookie attraverso la funzionalit\u00e0 a tal fine messa a disposizione dal Titolare tramite la presente informativa oppure direttamente tramite il proprio browser.<br>Ciascun browser presenta procedure diverse per la gestione delle impostazioni. L\u2019utente pu\u00f2 ottenere istruzioni specifiche attraverso i link sottostanti.<br><br><a href=\"https:\/\/support.microsoft.com\/it-it\/topic\/eliminare-e-gestire-i-cookie-168dab11-0753-043d-7c16-ede5947fc64d\">Microsoft Windows Explorer<\/a><br><br><a href=\"https:\/\/support.google.com\/chrome\/answer\/95647?hl=it&amp;p=cpn_cookies\">Google Chrome<\/a><br><br><a href=\"https:\/\/support.mozilla.org\/it\/kb\/Attivare%20e%20disattivare%20i%20cookie?redirectlocale=en-US&amp;redirectslug=Enabling+and+disabling+cookies\">Mozilla Firefox\u00a0<\/a><br><br><a href=\"https:\/\/support.apple.com\/kb\/PH17191?viewlocale=it_IT&amp;locale=it_IT\">Apple Safari<\/a><br><br><a href=\"https:\/\/help.opera.com\/en\/latest\/web-preferences\/\">Opera<\/a><\/p>\n\n\n\n<p><br>La disattivazione dei cookie di terze parti \u00e8 inoltre possibile attraverso le modalit\u00e0 rese disponibili direttamente dalla societ\u00e0 terza titolare per detto trattamento, come indicato ai link riportati nel paragrafo \u201cCookie di terze parti\u201d.<\/p>\n\n\n\n<p><\/p>\n\n\n\n<p><em><strong>Modifiche a questa policy<br><\/strong>Ogni versione aggiornata della presente informativa verr\u00e0 resa disponibile a questa pagina: invitiamo pertanto tutti gli Utenti a consultare periodicamente questa pagina informativa per essere sempre informati dell\u2019ultima versione caricata.<\/em><\/p>\n","protected":false},"excerpt":{"rendered":"<p>Cookie Tecnici Questo sito utilizza solo cookie tecnici, rispetto ai quali, ai sensi dell&#8217;art. 122 del codice privacy e del Provvedimento del Garante dell\u20198 maggio 2014, non \u00e8 richiesto alcun consenso da parte dell&#8217;interessato. Nessun dato personale degli utenti viene [&hellip;]<\/p>\n","protected":false},"author":1,"featured_media":0,"parent":0,"menu_order":0,"comment_status":"closed","ping_status":"closed","template":"","meta":{"footnotes":""},"class_list":["post-522","page","type-page","status-publish","hentry","clearfix"],"yoast_head":"<!-- This site is optimized with the Yoast SEO plugin v19.14 - https:\/\/yoast.com\/wordpress\/plugins\/seo\/ -->\r\n<title>Privacy-Policy e Cookie-Policy - Ziplast SRL<\/title>\r\n<meta name=\"robots\" content=\"index, follow, max-snippet:-1, max-image-preview:large, max-video-preview:-1\" \/>\r\n<link rel=\"canonical\" href=\"https:\/\/www.ziplast.it\/waterbag\/?page_id=522\" \/>\r\n<meta property=\"og:locale\" content=\"it_IT\" \/>\r\n<meta property=\"og:type\" content=\"article\" \/>\r\n<meta property=\"og:title\" content=\"Privacy-Policy e Cookie-Policy - Ziplast SRL\" \/>\r\n<meta property=\"og:description\" content=\"Cookie Tecnici Questo sito utilizza solo cookie tecnici, rispetto ai quali, ai sensi dell&#8217;art. 122 del codice privacy e del Provvedimento del Garante dell\u20198 maggio 2014, non \u00e8 richiesto alcun consenso da parte dell&#8217;interessato. Nessun dato personale degli utenti viene [&hellip;]\" \/>\r\n<meta property=\"og:url\" content=\"https:\/\/www.ziplast.it\/waterbag\/?page_id=522\" \/>\r\n<meta property=\"og:site_name\" content=\"Ziplast SRL\" \/>\r\n<meta property=\"article:modified_time\" content=\"2023-02-23T14:43:53+00:00\" \/>\r\n<meta name=\"twitter:card\" content=\"summary_large_image\" \/>\r\n<meta name=\"twitter:label1\" content=\"Tempo di lettura stimato\" \/>\n\t<meta name=\"twitter:data1\" content=\"3 minuti\" \/>\r\n<script type=\"application\/ld+json\" class=\"yoast-schema-graph\">{\"@context\":\"https:\/\/schema.org\",\"@graph\":[{\"@type\":\"WebPage\",\"@id\":\"https:\/\/www.ziplast.it\/waterbag\/?page_id=522\",\"url\":\"https:\/\/www.ziplast.it\/waterbag\/?page_id=522\",\"name\":\"Privacy-Policy e Cookie-Policy - Ziplast SRL\",\"isPartOf\":{\"@id\":\"https:\/\/www.ziplast.it\/waterbag\/#website\"},\"datePublished\":\"2023-02-23T14:29:40+00:00\",\"dateModified\":\"2023-02-23T14:43:53+00:00\",\"breadcrumb\":{\"@id\":\"https:\/\/www.ziplast.it\/waterbag\/?page_id=522#breadcrumb\"},\"inLanguage\":\"it-IT\",\"potentialAction\":[{\"@type\":\"ReadAction\",\"target\":[\"https:\/\/www.ziplast.it\/waterbag\/?page_id=522\"]}]},{\"@type\":\"BreadcrumbList\",\"@id\":\"https:\/\/www.ziplast.it\/waterbag\/?page_id=522#breadcrumb\",\"itemListElement\":[{\"@type\":\"ListItem\",\"position\":1,\"name\":\"Home\",\"item\":\"https:\/\/www.ziplast.it\/waterbag\/\"},{\"@type\":\"ListItem\",\"position\":2,\"name\":\"Privacy-Policy e Cookie-Policy\"}]},{\"@type\":\"WebSite\",\"@id\":\"https:\/\/www.ziplast.it\/waterbag\/#website\",\"url\":\"https:\/\/www.ziplast.it\/waterbag\/\",\"name\":\"Ziplast SRL\",\"description\":\"THE speedy massive freshwater delivery system\",\"potentialAction\":[{\"@type\":\"SearchAction\",\"target\":{\"@type\":\"EntryPoint\",\"urlTemplate\":\"https:\/\/www.ziplast.it\/waterbag\/?s={search_term_string}\"},\"query-input\":\"required name=search_term_string\"}],\"inLanguage\":\"it-IT\"}]}<\/script>\r\n<!-- \/ Yoast SEO plugin. -->","yoast_head_json":{"title":"Privacy-Policy e Cookie-Policy - Ziplast SRL","robots":{"index":"index","follow":"follow","max-snippet":"max-snippet:-1","max-image-preview":"max-image-preview:large","max-video-preview":"max-video-preview:-1"},"canonical":"https:\/\/www.ziplast.it\/waterbag\/?page_id=522","og_locale":"it_IT","og_type":"article","og_title":"Privacy-Policy e Cookie-Policy - Ziplast SRL","og_description":"Cookie Tecnici Questo sito utilizza solo cookie tecnici, rispetto ai quali, ai sensi dell&#8217;art. 122 del codice privacy e del Provvedimento del Garante dell\u20198 maggio 2014, non \u00e8 richiesto alcun consenso da parte dell&#8217;interessato. Nessun dato personale degli utenti viene [&hellip;]","og_url":"https:\/\/www.ziplast.it\/waterbag\/?page_id=522","og_site_name":"Ziplast SRL","article_modified_time":"2023-02-23T14:43:53+00:00","twitter_card":"summary_large_image","twitter_misc":{"Tempo di lettura stimato":"3 minuti"},"schema":{"@context":"https:\/\/schema.org","@graph":[{"@type":"WebPage","@id":"https:\/\/www.ziplast.it\/waterbag\/?page_id=522","url":"https:\/\/www.ziplast.it\/waterbag\/?page_id=522","name":"Privacy-Policy e Cookie-Policy - Ziplast SRL","isPartOf":{"@id":"https:\/\/www.ziplast.it\/waterbag\/#website"},"datePublished":"2023-02-23T14:29:40+00:00","dateModified":"2023-02-23T14:43:53+00:00","breadcrumb":{"@id":"https:\/\/www.ziplast.it\/waterbag\/?page_id=522#breadcrumb"},"inLanguage":"it-IT","potentialAction":[{"@type":"ReadAction","target":["https:\/\/www.ziplast.it\/waterbag\/?page_id=522"]}]},{"@type":"BreadcrumbList","@id":"https:\/\/www.ziplast.it\/waterbag\/?page_id=522#breadcrumb","itemListElement":[{"@type":"ListItem","position":1,"name":"Home","item":"https:\/\/www.ziplast.it\/waterbag\/"},{"@type":"ListItem","position":2,"name":"Privacy-Policy e Cookie-Policy"}]},{"@type":"WebSite","@id":"https:\/\/www.ziplast.it\/waterbag\/#website","url":"https:\/\/www.ziplast.it\/waterbag\/","name":"Ziplast SRL","description":"THE speedy massive freshwater delivery system","potentialAction":[{"@type":"SearchAction","target":{"@type":"EntryPoint","urlTemplate":"https:\/\/www.ziplast.it\/waterbag\/?s={search_term_string}"},"query-input":"required name=search_term_string"}],"inLanguage":"it-IT"}]}},"_links":{"self":[{"href":"https:\/\/www.ziplast.it\/waterbag\/index.php?rest_route=\/wp\/v2\/pages\/522","targetHints":{"allow":["GET"]}}],"collection":[{"href":"https:\/\/www.ziplast.it\/waterbag\/index.php?rest_route=\/wp\/v2\/pages"}],"about":[{"href":"https:\/\/www.ziplast.it\/waterbag\/index.php?rest_route=\/wp\/v2\/types\/page"}],"author":[{"embeddable":true,"href":"https:\/\/www.ziplast.it\/waterbag\/index.php?rest_route=\/wp\/v2\/users\/1"}],"replies":[{"embeddable":true,"href":"https:\/\/www.ziplast.it\/waterbag\/index.php?rest_route=%2Fwp%2Fv2%2Fcomments&post=522"}],"version-history":[{"count":4,"href":"https:\/\/www.ziplast.it\/waterbag\/index.php?rest_route=\/wp\/v2\/pages\/522\/revisions"}],"predecessor-version":[{"id":529,"href":"https:\/\/www.ziplast.it\/waterbag\/index.php?rest_route=\/wp\/v2\/pages\/522\/revisions\/529"}],"wp:attachment":[{"href":"https:\/\/www.ziplast.it\/waterbag\/index.php?rest_route=%2Fwp%2Fv2%2Fmedia&parent=522"}],"curies":[{"name":"wp","href":"https:\/\/api.w.org\/{rel}","templated":true}]}}